{"id":634,"date":"2017-03-17T18:20:15","date_gmt":"2017-03-17T18:20:15","guid":{"rendered":"http:\/\/vthemes.xyz\/investigate\/?page_id=634"},"modified":"2024-07-16T18:13:08","modified_gmt":"2024-07-16T18:13:08","slug":"legacy","status":"publish","type":"page","link":"https:\/\/legacy.skinatech.com\/inicio\/","title":{"rendered":"legacy"},"content":{"rendered":"<p>[vc_row investigate_skin=&#8221;remove-gap&#8221;][vc_column]                <div class=\"services-wrapper overlap\">\r\n                                            <div class=\"service-box\">\r\n                            <i class=\"fa fa-clock-o\"><\/i><div class=\"service-detail\"><span>Legacy<\/span><h4>AHORRO EN TIEMPOS<\/h4><p>Convertir 2 o 3 semanas de c\u00e1lculos en 3 minutos es posible con legacy.<\/p><\/div>                          <\/div><!-- Service Box -->\r\n                                            <div class=\"service-box\">\r\n                            <i class=\"fa fa-gavel\"><\/i><div class=\"service-detail\"><span>Legacy<\/span><h4>MEMORIAS DE C\u00c1LCULO<\/h4><p>El sistema le entregar\u00e1 las memorias de c\u00e1lculo con todos los procesos que se hicieron para la liquidaci\u00f3n. <\/p><\/div>                          <\/div><!-- Service Box -->\r\n                                            <div class=\"service-box\">\r\n                            <i class=\"fa fa-check\"><\/i><div class=\"service-detail\"><span>Legacy<\/span><h4>Reducci\u00f3n al margen de error<\/h4><p>El margen de error queda reducido dr\u00e1sticamente de los c\u00e1lculos y resultados. <\/p><\/div>                          <\/div><!-- Service Box -->\r\n                                    <\/div><!-- row -->\r\n            [\/vc_column][\/vc_row][vc_row full_width=&#8221;stretch_row&#8221; investigate_skin=&#8221;remove-gap&#8221;][vc_column el_class=&#8221;no-padding&#8221;]            <div class=\"title\">\r\n                <span><strong>\u00bfQu\u00e9<\/strong> es<\/span><h2>LEGACY?<\/h2><p>Legacy es un software para calcular liquidaciones de procesos legales.<\/p>\t\t\t<\/div>\r\n                    <div class=\"addbar-wrapper\">\r\n           <div class=\"addbar\">\r\n                <p>Reg\u00edstrese<\/p><a href=\"https:\/\/app.legacy.com.co\" title=\"GRATIS\" target=\"_blank\">GRATIS<\/a><p>y conozca Legacy<\/p>            <\/div>\r\n        <\/div>\r\n        <div class=\"story\">\t\t\t\t<div class=\"story-img\"><\/div>\r\n                <div class=\"container\">\r\n                    <div class=\"row\">\r\n                            \t\t\t\t\t    <div class=\"col-md-7\">\r\n                        \t\t\t\t\t\t\r\n    \t\t\t\t\t<div class=\"story-detail\">\r\n    \t\t\t\t\t\t<span>Casos de Estudio<\/span>\r\n    \t\t\t\t\t\t<h4>LIQUIDACI\u00d3N DE LA SENTENCIA<\/h4>\r\n    \t\t\t\t\t\t<p><b>CONSEJO DE ESTADO<\/b>\r\n<b>SALA DE LO CONTENCIOSO ADMINISTRATIVO<\/b>\r\n<b>\u00a0 \u00a0 \u00a0 \u00a0 \u00a0 \u00a0 \u00a0 \u00a0 \u00a0 \u00a0 \u00a0 \u00a0 \u00a0 \u00a0 \u00a0 \u00a0 \u00a0 \u00a0 \u00a0 \u00a0 \u00a0 \u00a0 \u00a0 \u00a0\u2026<\/p>    \t\t\t\t\t\t<div class=\"lawyer-intro\">\r\n    \t\t\t\t\t\t\t<img decoding=\"async\" src=\"https:\/\/legacy.skinatech.com\/inicio\/wp-content\/uploads\/2019\/07\/legacy_skinatech_appweb.png\"  alt=\"\"\/>    \t\t\t\t\t\t\t<div class=\"lawyer-info\">\r\n                                    <h5>STELLA CONTO D\u00cdAZ DEL CASTILLO<\/h5><span>Bogot\u00e1, D. C., ocho (8) de junio de dos mil diecisiete (2017)<\/span>    \t\t\t\t\t\t\t<\/div>\r\n    \t\t\t\t\t\t  <\/div>\r\n    \t\t\t\t\t   <\/div>\r\n    \t\t\t\t\t<\/div>\r\n    \t\t\t\t<\/div>\r\n                <\/div>\r\n                <\/div><div class=\"clearfix\"><\/div>        <div class=\"addbar-wrapper\">\r\n           <div class=\"addbar\">\r\n                <a href=\"https:\/\/legacy.skinatech.com\/inicio\/cases\/\" title=\"CASOS DE ESTUDIO\" target=\"_self\">CASOS DE ESTUDIO<\/a>            <\/div>\r\n        <\/div>\r\n        [\/vc_column][\/vc_row][vc_row investigate_skin=&#8221;blackish&#8221; investigate_image=&#8221;797&#8243;][vc_column]            <div class=\"fun-facts\">\r\n                <div class=\"row\">                        <div class=\"col-sm-6 col-md-3\">\r\n                            <div class=\"fact\">\r\n                                <img decoding=\"async\" src=\"\" alt=\"\"><span>+72H<\/span><i>Tiempo recuperado<\/i>                            <\/div>\r\n                        <\/div><!-- end col -->\r\n                                                <div class=\"col-sm-6 col-md-3\">\r\n                            <div class=\"fact\">\r\n                                <img decoding=\"async\" src=\"\" alt=\"\"><span>95%<\/span><i>Reducci\u00f3n en margen de error<\/i>                            <\/div>\r\n                        <\/div><!-- end col -->\r\n                                                <div class=\"col-sm-6 col-md-3\">\r\n                            <div class=\"fact\">\r\n                                <img decoding=\"async\" src=\"\" alt=\"\"><span>3 Min<\/span><i>Por c\u00e1lculo aproximadamente<\/i>                            <\/div>\r\n                        <\/div><!-- end col -->\r\n                                                <div class=\"col-sm-6 col-md-3\">\r\n                            <div class=\"fact\">\r\n                                <img decoding=\"async\" src=\"\" alt=\"\"><span>\u221e<\/span><i>Liquidaciones por usuario<\/i>                            <\/div>\r\n                        <\/div><!-- end col -->\r\n                        <\/div>  \r\n\t\t    <\/div>\r\n      [\/vc_column][\/vc_row][vc_row investigate_skin=&#8221;gray&#8221;][vc_column]            <div class=\"title\">\r\n                <span><strong>Qui\u00e9n<\/strong> est\u00e1<\/span><h2>DETR\u00c1S DE LEGACY<\/h2><p>Legacy est\u00e1 compuesto por un equipo de profesiones ingenieros, economistas y abogados que han dedicado su tiempo al estudio de las normas que rigen las liquidaciones en Colombia. Para el desarrollo de esta plataforma se tom\u00f3 la legislaci\u00f3n existente, se hicieron los modelos matem\u00e1ticos apropiados y los resultados se corroboraron contra sentencias ejecutoriadas.<\/p>\t\t\t<\/div>\r\n            [\/vc_column][\/vc_row][vc_row investigate_skin=&#8221;blackish&#8221; investigate_image=&#8221;797&#8243;][vc_column]            <div class=\"title light\">\r\n                <span>Paquetes y costos<\/span><h2>Legacy<\/h2>\t\t\t<\/div>\r\n                        <div class=\"pricing-table\">\r\n\t\t\t\t<div class=\"row\">\r\n                                                <div class=\"col-md-4\">\r\n\t\t\t\t\t\t        <div class=\"table-data\">\r\n                                    <div class=\"table-info\">\r\n                                        <img decoding=\"async\" src=\"https:\/\/legacy.skinatech.com\/inicio\/wp-content\/uploads\/revslider\/home-one\/slider2.jpg\" alt=\"\">                                        <div class=\"table-info-wrap\">\r\n\t\t\t\t\t\t\t\t\t         <div class=\"table-info-inner\">\r\n                                                <span>Paquete<\/span><h5>SINGLE<\/h5><strong><i>COP$<\/i>125.000<span>   \/ 1 Liquidaci\u00f3n<\/span><\/strong>                                            <\/div>\r\n                                        <\/div>\r\n                                    <\/div>\r\n                                    <ul><li><\/li><\/ul><a href=\"https:\/\/app.legacy.com.co\/index.php?r=paquetes%2Fpaquetes%2Fview-paquetes\" title=\"Adquirir\" target=\"_blank\">Adquirir<\/a>                                <\/div>\r\n                            <\/div>\r\n                                                        <div class=\"col-md-4\">\r\n\t\t\t\t\t\t        <div class=\"table-data\">\r\n                                    <div class=\"table-info\">\r\n                                        <img decoding=\"async\" src=\"https:\/\/legacy.skinatech.com\/inicio\/wp-content\/uploads\/revslider\/home-one\/slider2.jpg\" alt=\"\">                                        <div class=\"table-info-wrap\">\r\n\t\t\t\t\t\t\t\t\t         <div class=\"table-info-inner\">\r\n                                                <span>Paquete<\/span><h5>TREESOME<\/h5><strong><i>COP$<\/i>372.000<span>   \/ 3 Liquidaciones<\/span><\/strong>                                            <\/div>\r\n                                        <\/div>\r\n                                    <\/div>\r\n                                    <ul><li><\/li><\/ul><a href=\"https:\/\/app.legacy.com.co\/index.php?r=paquetes%2Fpaquetes%2Fview-paquetes\" title=\"Adquirir\" target=\"_blank\">Adquirir<\/a>                                <\/div>\r\n                            <\/div>\r\n                                                        <div class=\"col-md-4\">\r\n\t\t\t\t\t\t        <div class=\"table-data\">\r\n                                    <div class=\"table-info\">\r\n                                        <img decoding=\"async\" src=\"https:\/\/legacy.skinatech.com\/inicio\/wp-content\/uploads\/revslider\/home-one\/slider2.jpg\" alt=\"\">                                        <div class=\"table-info-wrap\">\r\n\t\t\t\t\t\t\t\t\t         <div class=\"table-info-inner\">\r\n                                                <span>Paquete<\/span><h5>PRO<\/h5><strong><i>COP$<\/i>615.000<span>   \/ 5 Liquidaciones<\/span><\/strong>                                            <\/div>\r\n                                        <\/div>\r\n                                    <\/div>\r\n                                    <ul><li><\/li><\/ul><a href=\"https:\/\/app.legacy.com.co\/index.php?r=paquetes%2Fpaquetes%2Fview-paquetes\" title=\"Adquirir\" target=\"_blank\">Adquirir<\/a>                                <\/div>\r\n                            <\/div>\r\n                                                        <div class=\"col-md-4\">\r\n\t\t\t\t\t\t        <div class=\"table-data\">\r\n                                    <div class=\"table-info\">\r\n                                        <img decoding=\"async\" src=\"https:\/\/legacy.skinatech.com\/inicio\/wp-content\/uploads\/revslider\/home-one\/slider2.jpg\" alt=\"\">                                        <div class=\"table-info-wrap\">\r\n\t\t\t\t\t\t\t\t\t         <div class=\"table-info-inner\">\r\n                                                <span>Paquete<\/span><h5>LEGACY<\/h5><strong><i>COP$<\/i>750.000<span>   \/ 10 Liquidaciones<\/span><\/strong>                                            <\/div>\r\n                                        <\/div>\r\n                                    <\/div>\r\n                                    <ul><li><\/li><\/ul><a href=\"https:\/\/app.legacy.com.co\/index.php?r=paquetes%2Fpaquetes%2Fview-paquetes\" title=\"Adquirir\" target=\"_blank\">Adquirir<\/a>                                <\/div>\r\n                            <\/div>\r\n                                            <\/div> \r\n            <\/div>\r\n            [vc_column_text]<\/p>\n<p style=\"color: white; text-align: center;\">En caso de requerir un paquete personalizado de liquidaciones, no dude en contactar nuestro<a href=\"https:\/\/legacy.skinatech.com\/inicio\/contacto\/\"> departamento comercial.<\/a><\/p>\n<p>[\/vc_column_text][\/vc_column][\/vc_row][vc_row investigate_skin=&#8221;remove-bottom&#8221; investigate_image=&#8221;775&#8243;][vc_column width=&#8221;1\/12&#8243;][\/vc_column][vc_column white_column=&#8221;yes&#8221; width=&#8221;5\/6&#8243;]            <div class=\"title simple\">\r\n                <span>Conozca como hacer sus procesos de liquidaci\u00f3n m\u00e1s r\u00e1pido<\/span><h2>Conozca Legacy<\/h2><p>Cont\u00e1ctenos si necesita acompa\u00f1amiento personalizado. <\/p>\t\t\t<\/div>\r\n            <div class=\"wpforms-container wpforms-container-full\" id=\"wpforms-1525\"><form id=\"wpforms-form-1525\" class=\"wpforms-validate wpforms-form\" data-formid=\"1525\" method=\"post\" enctype=\"multipart\/form-data\" action=\"\/inicio\/wp-json\/wp\/v2\/pages\/634\" data-token=\"2c6a1a91b2fc9ca3a5252f3ff1dc9a7b\" data-token-time=\"1777583941\"><noscript class=\"wpforms-error-noscript\">Por favor, activa JavaScript en tu navegador para completar este formulario.<\/noscript><div class=\"wpforms-field-container\"><div id=\"wpforms-1525-field_0-container\" class=\"wpforms-field wpforms-field-name\" data-field-id=\"0\"><label class=\"wpforms-field-label\" for=\"wpforms-1525-field_0\">Nombre <span class=\"wpforms-required-label\">*<\/span><\/label><input type=\"text\" id=\"wpforms-1525-field_0\" class=\"wpforms-field-large wpforms-field-required\" name=\"wpforms[fields][0]\" required><\/div><div id=\"wpforms-1525-field_1-container\" class=\"wpforms-field wpforms-field-email\" data-field-id=\"1\"><label class=\"wpforms-field-label\" for=\"wpforms-1525-field_1\">Correo electr\u00f3nico <span class=\"wpforms-required-label\">*<\/span><\/label><input type=\"email\" id=\"wpforms-1525-field_1\" class=\"wpforms-field-large wpforms-field-required\" name=\"wpforms[fields][1]\" spellcheck=\"false\" required><\/div><div id=\"wpforms-1525-field_3-container\" class=\"wpforms-field wpforms-field-number\" data-field-id=\"3\"><label class=\"wpforms-field-label\" for=\"wpforms-1525-field_3\">Tel\u00e9fono <span class=\"wpforms-required-label\">*<\/span><\/label><input type=\"number\" id=\"wpforms-1525-field_3\" class=\"wpforms-field-large wpforms-field-required\" name=\"wpforms[fields][3]\" required><\/div><div id=\"wpforms-1525-field_2-container\" class=\"wpforms-field wpforms-field-textarea\" data-field-id=\"2\"><label class=\"wpforms-field-label\" for=\"wpforms-1525-field_2\">Mensaje <span class=\"wpforms-required-label\">*<\/span><\/label><textarea id=\"wpforms-1525-field_2\" class=\"wpforms-field-medium wpforms-field-required\" name=\"wpforms[fields][2]\" required><\/textarea><\/div><\/div><!-- .wpforms-field-container --><div class=\"wpforms-field wpforms-field-hp\"><label for=\"wpforms-1525-field-hp\" class=\"wpforms-field-label\">Phone<\/label><input type=\"text\" name=\"wpforms[hp]\" id=\"wpforms-1525-field-hp\" class=\"wpforms-field-medium\"><\/div><div class=\"wpforms-recaptcha-container wpforms-is-recaptcha wpforms-is-recaptcha-type-v3\" ><input type=\"hidden\" name=\"wpforms[recaptcha]\" value=\"\"><\/div><div class=\"wpforms-submit-container\" ><input type=\"hidden\" name=\"wpforms[id]\" value=\"1525\"><input type=\"hidden\" name=\"page_title\" value=\"\"><input type=\"hidden\" name=\"page_url\" value=\"https:\/\/legacy.skinatech.com\/inicio\/wp-json\/wp\/v2\/pages\/634\"><button type=\"submit\" name=\"wpforms[submit]\" id=\"wpforms-submit-1525\" class=\"wpforms-submit\" data-alt-text=\"Enviando...\" data-submit-text=\"Enviar\" aria-live=\"assertive\" value=\"wpforms-submit\">Enviar<\/button><\/div><\/form><\/div>  <!-- .wpforms-container -->[\/vc_column][vc_column width=&#8221;1\/12&#8243;][\/vc_column][\/vc_row]<\/p>\n","protected":false},"excerpt":{"rendered":"CONSEJO DE ESTADO SALA DE LO CONTENCIOSO ADMINISTRATIVO \u00a0 \u00a0 \u00a0 \u00a0 \u00a0 \u00a0 \u00a0 \u00a0 \u00a0 \u00a0 \u00a0 \u00a0 \u00a0 \u00a0 \u00a0 \u00a0 \u00a0 \u00a0 \u00a0 \u00a0 \u00a0 \u00a0 \u00a0 \u00a0 \u00a0 \u00a0 \u00a0 \u00a0 \u00a0 \u00a0 \u00a0 \u00a0 \u00a0 \u00a0 \u00a0 \u00a0 \u00a0 \u00a0 \u00a0 \u00a0 \u00a0 \u00a0 \u00a0 \u00a0 \u00a0 \u00a0 \u00a0 [...]","protected":false},"author":1,"featured_media":0,"parent":0,"menu_order":0,"comment_status":"closed","ping_status":"closed","template":"","meta":{"footnotes":""},"_links":{"self":[{"href":"https:\/\/legacy.skinatech.com\/inicio\/wp-json\/wp\/v2\/pages\/634"}],"collection":[{"href":"https:\/\/legacy.skinatech.com\/inicio\/wp-json\/wp\/v2\/pages"}],"about":[{"href":"https:\/\/legacy.skinatech.com\/inicio\/wp-json\/wp\/v2\/types\/page"}],"author":[{"embeddable":true,"href":"https:\/\/legacy.skinatech.com\/inicio\/wp-json\/wp\/v2\/users\/1"}],"replies":[{"embeddable":true,"href":"https:\/\/legacy.skinatech.com\/inicio\/wp-json\/wp\/v2\/comments?post=634"}],"version-history":[{"count":78,"href":"https:\/\/legacy.skinatech.com\/inicio\/wp-json\/wp\/v2\/pages\/634\/revisions"}],"predecessor-version":[{"id":1703,"href":"https:\/\/legacy.skinatech.com\/inicio\/wp-json\/wp\/v2\/pages\/634\/revisions\/1703"}],"wp:attachment":[{"href":"https:\/\/legacy.skinatech.com\/inicio\/wp-json\/wp\/v2\/media?parent=634"}],"curies":[{"name":"wp","href":"https:\/\/api.w.org\/{rel}","templated":true}]}}